{"id":160,"date":"2022-11-08T13:14:24","date_gmt":"2022-11-08T19:14:24","guid":{"rendered":"https:\/\/monopolistours.com\/?post_type=product&#038;p=160"},"modified":"2026-02-04T17:03:10","modified_gmt":"2026-02-04T23:03:10","slug":"folkloric-ballet","status":"publish","type":"product","link":"https:\/\/monopolistours.com\/es\/product\/folkloric-ballet\/","title":{"rendered":"FOLKLORIC BALLET"},"content":{"rendered":"<div class=\"wpb-content-wrapper\"><p>[vc_row css_animation=\u00bb\u00bb row_type=\u00bbrow\u00bb use_row_as_full_screen_section=\u00bbno\u00bb type=\u00bbfull_width\u00bb angled_section=\u00bbno\u00bb text_align=\u00bbleft\u00bb background_image_as_pattern=\u00bbwithout_pattern\u00bb][vc_column][vc_column_text css=\u00bb\u00bb]<\/p>\n<h3><strong>*Condiciones Generales:<\/strong><\/h3>\n<ul>\n<li><strong>Ni\u00f1os menores de 2 a\u00f1os gratis (sin asiento)<\/strong><\/li>\n<li>Ni\u00f1os 2-10 a\u00f1os pagan 50% (excepto en espect\u00e1culos: Ballet Folkl\u00f3rico, Corridas de Toros)<\/li>\n<li>Garibaldi: Prohibida la entrada a menores de 18 a\u00f1os.<\/li>\n<li><strong>Servicios no utilizados no reembolsables.<\/strong><\/li>\n<li>Horarios y tiempos aproximados.<\/li>\n<li>Sin reembolso por mal tiempo<\/li>\n<li>Grupos peque\u00f1os<\/li>\n<\/ul>\n<p><span class=\"s1\">&#8211; Nuestros Tours Incluyen: Transportaci\u00f3n terrestre A\/C, Servicio de Gu\u00eda y Admisiones <\/span><i class=\"fa fa-whatsapp\"><\/i><a href=\"https:\/\/wa.link\/hrzf4h\">55 36171632<\/a><br \/>\ny <i class=\"fa fa-whatsapp\"><\/i><a href=\"https:\/\/wa.link\/08bh14\">55 46048254<\/a><br \/>\n&#8211; Direcci\u00f3n: Av. Paseo de la Reforma #1 Col. Tabacalera, C.P 06030, M\u00e9xico DF. <a href=\"mailto:agenciadeviajesmonopolis@yahoo.com.mx\">agenciadeviajesmonopolis@yahoo.com.mx<\/a>[\/vc_column_text][\/vc_column][\/vc_row]<\/p>\n<\/div>","protected":false},"excerpt":{"rendered":"<p><strong>Folkloric Ballet<\/strong><\/p>\n<h2 class=\"p1\"><span class=\"s1\">For this tour please contact us at:<br \/>\n<span style=\"color: #ff0000;\">55 3617-1632<\/span><\/span><\/h2>\n<p><strong>Wed at 20:30 hrs, Sun at 9:30 hrs and 20:30 hrs<br \/>\n<\/strong>Admire beatiful customs, enjoy spectacular folklore music show at the fone arts palace.<\/p>\n","protected":false},"featured_media":161,"template":"","meta":{"_coblocks_attr":"","_coblocks_dimensions":"","_coblocks_responsive_height":"","_coblocks_accordion_ie_support":""},"product_brand":[],"product_cat":[17],"product_tag":[],"class_list":{"0":"post-160","1":"product","2":"type-product","3":"status-publish","4":"has-post-thumbnail","6":"product_cat-tour","7":"wcpa_has_options","9":"first","10":"onbackorder","11":"shipping-taxable","12":"product-type-simple"},"_links":{"self":[{"href":"https:\/\/monopolistours.com\/es\/wp-json\/wp\/v2\/product\/160","targetHints":{"allow":["GET"]}}],"collection":[{"href":"https:\/\/monopolistours.com\/es\/wp-json\/wp\/v2\/product"}],"about":[{"href":"https:\/\/monopolistours.com\/es\/wp-json\/wp\/v2\/types\/product"}],"wp:featuredmedia":[{"embeddable":true,"href":"https:\/\/monopolistours.com\/es\/wp-json\/wp\/v2\/media\/161"}],"wp:attachment":[{"href":"https:\/\/monopolistours.com\/es\/wp-json\/wp\/v2\/media?parent=160"}],"wp:term":[{"taxonomy":"product_brand","embeddable":true,"href":"https:\/\/monopolistours.com\/es\/wp-json\/wp\/v2\/product_brand?post=160"},{"taxonomy":"product_cat","embeddable":true,"href":"https:\/\/monopolistours.com\/es\/wp-json\/wp\/v2\/product_cat?post=160"},{"taxonomy":"product_tag","embeddable":true,"href":"https:\/\/monopolistours.com\/es\/wp-json\/wp\/v2\/product_tag?post=160"}],"curies":[{"name":"wp","href":"https:\/\/api.w.org\/{rel}","templated":true}]}}