{"id":98,"date":"2023-06-28T16:15:22","date_gmt":"2023-06-28T22:15:22","guid":{"rendered":"https:\/\/monopolistours.com\/?post_type=product&#038;p=98"},"modified":"2026-02-05T10:57:11","modified_gmt":"2026-02-05T16:57:11","slug":"pyramids-our-lady-of-guadalupes-shrine","status":"publish","type":"product","link":"https:\/\/monopolistours.com\/es\/product\/pyramids-our-lady-of-guadalupes-shrine\/","title":{"rendered":"PYRAMIDS &#038; OUR LADY OF GUADALUPE\u2019S SHRINE"},"content":{"rendered":"<div class=\"wpb-content-wrapper\"><p>[vc_row css_animation=\u00bb\u00bb row_type=\u00bbrow\u00bb use_row_as_full_screen_section=\u00bbno\u00bb type=\u00bbfull_width\u00bb angled_section=\u00bbno\u00bb text_align=\u00bbleft\u00bb background_image_as_pattern=\u00bbwithout_pattern\u00bb][vc_column][vc_raw_html]JTNDaWZyYW1lJTIwd2lkdGglM0QlMjIxMDAlMjUlMjIlMjBoZWlnaHQlM0QlMjI0MDAlMjIlMjBzcmMlM0QlMjJodHRwcyUzQSUyRiUyRnd3dy55b3V0dWJlLmNvbSUyRmVtYmVkJTJGQlJmOFN5YlF0N1UlMjIlMjB0aXRsZSUzRCUyMllvdVR1YmUlMjB2aWRlbyUyMHBsYXllciUyMiUyMGZyYW1lYm9yZGVyJTNEJTIyMCUyMiUyMGFsbG93JTNEJTIyYWNjZWxlcm9tZXRlciUzQiUyMGF1dG9wbGF5JTNCJTIwY2xpcGJvYXJkLXdyaXRlJTNCJTIwZW5jcnlwdGVkLW1lZGlhJTNCJTIwZ3lyb3Njb3BlJTNCJTIwcGljdHVyZS1pbi1waWN0dXJlJTIyJTIwYWxsb3dmdWxsc2NyZWVuJTNFJTNDJTJGaWZyYW1lJTNF[\/vc_raw_html][vc_empty_space height=\u00bb25&#8243;][vc_column_text css=\u00bb\u00bb]<\/p>\n<h3><strong>*Condiciones Generales:<\/strong><\/h3>\n<ul>\n<li><strong>Ni\u00f1os menores de 2 a\u00f1os no pagan (sin asiento)<\/strong><\/li>\n<li>Ni\u00f1os 2-10 a\u00f1os pagan 50% (excepto en espect\u00e1culos: Ballet Folkl\u00f3rico, Corridas de Toros)<\/li>\n<li>Garibaldi: Prohibida la entrada a menores de 18 a\u00f1os.<\/li>\n<li><strong>Servicios no utilizados no reembolsables.<\/strong><\/li>\n<li>Horarios y tiempos aproximados.<\/li>\n<li>Sin reembolso por mal tiempo<\/li>\n<li>Grupos peque\u00f1os<\/li>\n<\/ul>\n<p><span class=\"s1\">&#8211; Nuestros Tours Incluyen: Transportaci\u00f3n terrestre A\/C, Servicio de Gu\u00eda y Admisiones <\/span><i class=\"fa fa-whatsapp\"><\/i><a href=\"https:\/\/wa.link\/hrzf4h\">55 36171632<\/a><br \/>\ny <i class=\"fa fa-whatsapp\"><\/i><a href=\"https:\/\/wa.link\/08bh14\">55 46048254<\/a><br \/>\n&#8211; Direcci\u00f3n: Av. Paseo de la Reforma #1 Col. Tabacalera, C.P 06030, M\u00e9xico DF. <a href=\"mailto:agenciadeviajesmonopolis@yahoo.com.mx\">agenciadeviajesmonopolis@yahoo.com.mx<\/a>[\/vc_column_text][\/vc_column][\/vc_row]<\/p>\n<\/div>","protected":false},"excerpt":{"rendered":"<p><strong>Pir\u00e1mides y Bas\u00edlica de Guadalupe<\/strong><\/p>\n<p><strong>Diario saliendo 9:30 am hrs y 10:30 am<\/strong><\/p>\n<ul>\n<li>Plaza de las Tres Culturas<\/li>\n<li>Bas\u00edlica de Guadalupe<\/li>\n<li>Zona Arqueol\u00f3gica de Tehotihuac\u00e1n<\/li>\n<li>Regreso a las 5:30pm<\/li>\n<li>Precios expresados en pesos mexicanos<\/li>\n<\/ul>\n","protected":false},"featured_media":100,"template":"","meta":{"_coblocks_attr":"","_coblocks_dimensions":"","_coblocks_responsive_height":"","_coblocks_accordion_ie_support":""},"product_brand":[],"product_cat":[17],"product_tag":[],"class_list":{"0":"post-98","1":"product","2":"type-product","3":"status-publish","4":"has-post-thumbnail","6":"product_cat-tour","7":"wcpa_has_options","9":"first","10":"instock","11":"shipping-taxable","12":"purchasable","13":"product-type-variable"},"_links":{"self":[{"href":"https:\/\/monopolistours.com\/es\/wp-json\/wp\/v2\/product\/98","targetHints":{"allow":["GET"]}}],"collection":[{"href":"https:\/\/monopolistours.com\/es\/wp-json\/wp\/v2\/product"}],"about":[{"href":"https:\/\/monopolistours.com\/es\/wp-json\/wp\/v2\/types\/product"}],"wp:featuredmedia":[{"embeddable":true,"href":"https:\/\/monopolistours.com\/es\/wp-json\/wp\/v2\/media\/100"}],"wp:attachment":[{"href":"https:\/\/monopolistours.com\/es\/wp-json\/wp\/v2\/media?parent=98"}],"wp:term":[{"taxonomy":"product_brand","embeddable":true,"href":"https:\/\/monopolistours.com\/es\/wp-json\/wp\/v2\/product_brand?post=98"},{"taxonomy":"product_cat","embeddable":true,"href":"https:\/\/monopolistours.com\/es\/wp-json\/wp\/v2\/product_cat?post=98"},{"taxonomy":"product_tag","embeddable":true,"href":"https:\/\/monopolistours.com\/es\/wp-json\/wp\/v2\/product_tag?post=98"}],"curies":[{"name":"wp","href":"https:\/\/api.w.org\/{rel}","templated":true}]}}